{"id":65,"date":"2026-04-15T14:27:04","date_gmt":"2026-04-15T14:27:04","guid":{"rendered":"https:\/\/maharani.ctsoft.es\/?page_id=65"},"modified":"2026-04-15T14:27:04","modified_gmt":"2026-04-15T14:27:04","slug":"aviso-legal","status":"publish","type":"page","link":"https:\/\/maharani.ctsoft.es\/index.php\/aviso-legal\/","title":{"rendered":"Aviso Legal"},"content":{"rendered":"\n<ol class=\"wp-block-list\">\n<li>El titular de este sitio web es Maharani Restaurante Hind\u00fa, con N.I.F. 22982712P, con domicilio en Calle Ca\u00f1\u00f3n, 5 BAJO.<\/li>\n\n\n\n<li>El acceso al site de Maharani Restaurante Hind\u00fa es gratuito. Todo el contenido es propiedad intelectual de Maharani Restaurante Hind\u00fa. Cualquier utilizaci\u00f3n de los mismos contraria a las normas en materia de propiedad intelectual ser\u00e1 perseguida con arreglo a la legislaci\u00f3n vigente.<\/li>\n<\/ol>\n\n\n\n<p><\/p>\n","protected":false},"excerpt":{"rendered":"","protected":false},"author":1,"featured_media":0,"parent":0,"menu_order":0,"comment_status":"closed","ping_status":"closed","template":"","meta":{"footnotes":""},"class_list":["post-65","page","type-page","status-publish","hentry"],"_links":{"self":[{"href":"https:\/\/maharani.ctsoft.es\/index.php\/wp-json\/wp\/v2\/pages\/65","targetHints":{"allow":["GET"]}}],"collection":[{"href":"https:\/\/maharani.ctsoft.es\/index.php\/wp-json\/wp\/v2\/pages"}],"about":[{"href":"https:\/\/maharani.ctsoft.es\/index.php\/wp-json\/wp\/v2\/types\/page"}],"author":[{"embeddable":true,"href":"https:\/\/maharani.ctsoft.es\/index.php\/wp-json\/wp\/v2\/users\/1"}],"replies":[{"embeddable":true,"href":"https:\/\/maharani.ctsoft.es\/index.php\/wp-json\/wp\/v2\/comments?post=65"}],"version-history":[{"count":1,"href":"https:\/\/maharani.ctsoft.es\/index.php\/wp-json\/wp\/v2\/pages\/65\/revisions"}],"predecessor-version":[{"id":66,"href":"https:\/\/maharani.ctsoft.es\/index.php\/wp-json\/wp\/v2\/pages\/65\/revisions\/66"}],"wp:attachment":[{"href":"https:\/\/maharani.ctsoft.es\/index.php\/wp-json\/wp\/v2\/media?parent=65"}],"curies":[{"name":"wp","href":"https:\/\/api.w.org\/{rel}","templated":true}]}}